{"id":2,"date":"2022-07-31T14:29:48","date_gmt":"2022-07-31T12:29:48","guid":{"rendered":"http:\/\/dacosta-handwerker.de\/?page_id=2"},"modified":"2026-04-19T17:43:06","modified_gmt":"2026-04-19T15:43:06","slug":"beispiel-seite","status":"publish","type":"page","link":"https:\/\/dacosta-handwerker.de\/","title":{"rendered":"Leistungen"},"content":{"rendered":"<p><span style=\"color: #0076bd; font-weight: 400; font-family: 'Rubik', sans-serif; font-size: 30px;\">Handwerker Da Costa<\/span><\/p>\n<p>Wir bieten gleich mehrere Gewerke an, ersetzen erst die gebrochene Fliese und tauschen dann noch die Dichtungen am Wasserhahn. Gestern einen Flur tapeziert, gerade den Anstrich erledigt. Und heute Nachmittag k\u00fcmmern wir uns um den Fliesenspiegel im Bad.<br \/>\nFenster, Zimmert\u00fcren, Haust\u00fcren oder Treppen, wir planen, renovieren oder sanieren fast alles rund um Ihr Haus.<\/p>\n<p>Als gelernter Tischler sind komplizierte W\u00fcnsche kein Problem. Von der Duschkabine bis zum Einbruchschutz Ihrer 4 W\u00e4nde sind wir Ihr Ansprechpartner.<\/p>\n<p>Jahrelange Erfahrung ist unser Plus. Wir bilden uns st\u00e4ndig f\u00fcr Sie weiter und erlangten in der Vergangenheit eine Reihe an Zertifizierungen.<\/p>\n<p><span style=\"color: #0076bd; font-weight: 400; font-family: 'Rubik', sans-serif; font-size: 30px;\">Unsere Leistungen:<\/span><\/p>\n<ul>\n<li>Fenster<\/li>\n<li>T\u00fcren<\/li>\n<li>Glasduschen<\/li>\n<li>Glasw\u00e4nde<\/li>\n<li>Glasschiebet\u00fcren<\/li>\n<li>M\u00f6bel auf Ma\u00df<\/li>\n<li>Insektenschutz<\/li>\n<li>Rollos<\/li>\n<li>Einbruchschutz<\/li>\n<li>Garagentore<\/li>\n<li>Reparaturen<\/li>\n<li>Sanierungen<\/li>\n<li>Umbauten<\/li>\n<li>Neubauten<\/li>\n<\/ul>\n<p>und vieles mehr&#8230;Unser Vorteil ist die Flexibilit\u00e4t, wir kommen auch f\u00fcr kleine Auftr\u00e4ge als Allrounder und Profi.<\/p>\n<p>Wir sind Ihr verl\u00e4sslicher Partner f\u00fcr alle Arten von Reparaturen, Sanierungen, Um- und Neubauten in und um Ihr Haus.<\/p>\n<p>Egal ob Sie Hilfe, Unterst\u00fctzung oder einfach nur unseren Rat ben\u00f6tigen \u2013 wir freuen uns auf Ihre Kontaktaufnahme.<\/p>\n<p>&nbsp;<\/p>\n<p><b>Haust\u00fcren Vorher-Nachher<\/b><br \/>\nngg_shortcode_0_placeholder<br \/>\n<\/p>\n<p><b>K\u00fcchen Neubau und Umbau<\/b><br \/>\nngg_shortcode_1_placeholder<br \/>\n<\/p>\n<p><b>M\u00f6bel auf Ma\u00df<\/b><br \/>\nngg_shortcode_2_placeholder<br \/>\n<\/p>\n<p><b>Terrassenbau<\/b><br \/>\nngg_shortcode_3_placeholder<br \/>\n<\/p>\n<p><b>Fenster-Einbau und Wohnungst\u00fcren<\/b><br \/>\nngg_shortcode_4_placeholder<br \/>\n<\/p>\n<p><b>Weitere DaCosta Projekte<\/b><br \/>\nngg_shortcode_5_placeholder<\/p>\n","protected":false},"excerpt":{"rendered":"<p>Handwerker Da Costa Wir bieten gleich mehrere Gewerke an, ersetzen erst die gebrochene Fliese und tauschen dann noch die Dichtungen am Wasserhahn. Gestern einen Flur tapeziert, gerade den Anstrich erledigt. Und heute Nachmittag k\u00fcmmern wir uns um den Fliesenspiegel im Bad. Fenster, Zimmert\u00fcren, Haust\u00fcren oder Treppen, wir planen, renovieren oder sanieren fast alles rund um &hellip; <a href=\"https:\/\/dacosta-handwerker.de\/\" class=\"more-link\"><span class=\"screen-reader-text\">Leistungen<\/span> weiterlesen <span class=\"meta-nav\">&rarr;<\/span><\/a><\/p>\n","protected":false},"author":1,"featured_media":0,"parent":0,"menu_order":10,"comment_status":"closed","ping_status":"open","template":"","meta":{"ngg_post_thumbnail":0,"footnotes":""},"class_list":["post-2","page","type-page","status-publish","hentry"],"yoast_head":"<!-- This site is optimized with the Yoast SEO plugin v27.4 - https:\/\/yoast.com\/product\/yoast-seo-wordpress\/ -->\n<title>Leistungen - Handwerker Da Costa<\/title>\n<meta name=\"robots\" content=\"index, follow, max-snippet:-1, max-image-preview:large, max-video-preview:-1\" \/>\n<link rel=\"canonical\" href=\"https:\/\/dacosta-handwerker.de\/\" \/>\n<meta property=\"og:locale\" content=\"de_DE\" \/>\n<meta property=\"og:type\" content=\"article\" \/>\n<meta property=\"og:title\" content=\"Leistungen - Handwerker Da Costa\" \/>\n<meta property=\"og:description\" content=\"Handwerker Da Costa Wir bieten gleich mehrere Gewerke an, ersetzen erst die gebrochene Fliese und tauschen dann noch die Dichtungen am Wasserhahn. Gestern einen Flur tapeziert, gerade den Anstrich erledigt. Und heute Nachmittag k\u00fcmmern wir uns um den Fliesenspiegel im Bad. Fenster, Zimmert\u00fcren, Haust\u00fcren oder Treppen, wir planen, renovieren oder sanieren fast alles rund um &hellip; Leistungen weiterlesen &rarr;\" \/>\n<meta property=\"og:url\" content=\"https:\/\/dacosta-handwerker.de\/\" \/>\n<meta property=\"og:site_name\" content=\"Handwerker Da Costa\" \/>\n<meta property=\"article:modified_time\" content=\"2026-04-19T15:43:06+00:00\" \/>\n<meta name=\"twitter:card\" content=\"summary_large_image\" \/>\n<meta name=\"twitter:label1\" content=\"Gesch\u00e4tzte Lesezeit\" \/>\n\t<meta name=\"twitter:data1\" content=\"2\u00a0Minuten\" \/>\n<script type=\"application\/ld+json\" class=\"yoast-schema-graph\">{\"@context\":\"https:\\\/\\\/schema.org\",\"@graph\":[{\"@type\":\"WebPage\",\"@id\":\"https:\\\/\\\/dacosta-handwerker.de\\\/\",\"url\":\"https:\\\/\\\/dacosta-handwerker.de\\\/\",\"name\":\"Leistungen - Handwerker Da Costa\",\"isPartOf\":{\"@id\":\"https:\\\/\\\/dacosta-handwerker.de\\\/#website\"},\"datePublished\":\"2022-07-31T12:29:48+00:00\",\"dateModified\":\"2026-04-19T15:43:06+00:00\",\"breadcrumb\":{\"@id\":\"https:\\\/\\\/dacosta-handwerker.de\\\/#breadcrumb\"},\"inLanguage\":\"de\",\"potentialAction\":[{\"@type\":\"ReadAction\",\"target\":[\"https:\\\/\\\/dacosta-handwerker.de\\\/\"]}]},{\"@type\":\"BreadcrumbList\",\"@id\":\"https:\\\/\\\/dacosta-handwerker.de\\\/#breadcrumb\",\"itemListElement\":[{\"@type\":\"ListItem\",\"position\":1,\"name\":\"Startseite\",\"item\":\"https:\\\/\\\/dacosta-handwerker.de\\\/\"},{\"@type\":\"ListItem\",\"position\":2,\"name\":\"Leistungen\"}]},{\"@type\":\"WebSite\",\"@id\":\"https:\\\/\\\/dacosta-handwerker.de\\\/#website\",\"url\":\"https:\\\/\\\/dacosta-handwerker.de\\\/\",\"name\":\"Handwerker Da Costa\",\"description\":\"Der freundliche Handwerker\",\"potentialAction\":[{\"@type\":\"SearchAction\",\"target\":{\"@type\":\"EntryPoint\",\"urlTemplate\":\"https:\\\/\\\/dacosta-handwerker.de\\\/?s={search_term_string}\"},\"query-input\":{\"@type\":\"PropertyValueSpecification\",\"valueRequired\":true,\"valueName\":\"search_term_string\"}}],\"inLanguage\":\"de\"}]}<\/script>\n<!-- \/ Yoast SEO plugin. -->","yoast_head_json":{"title":"Leistungen - Handwerker Da Costa","robots":{"index":"index","follow":"follow","max-snippet":"max-snippet:-1","max-image-preview":"max-image-preview:large","max-video-preview":"max-video-preview:-1"},"canonical":"https:\/\/dacosta-handwerker.de\/","og_locale":"de_DE","og_type":"article","og_title":"Leistungen - Handwerker Da Costa","og_description":"Handwerker Da Costa Wir bieten gleich mehrere Gewerke an, ersetzen erst die gebrochene Fliese und tauschen dann noch die Dichtungen am Wasserhahn. Gestern einen Flur tapeziert, gerade den Anstrich erledigt. Und heute Nachmittag k\u00fcmmern wir uns um den Fliesenspiegel im Bad. Fenster, Zimmert\u00fcren, Haust\u00fcren oder Treppen, wir planen, renovieren oder sanieren fast alles rund um &hellip; Leistungen weiterlesen &rarr;","og_url":"https:\/\/dacosta-handwerker.de\/","og_site_name":"Handwerker Da Costa","article_modified_time":"2026-04-19T15:43:06+00:00","twitter_card":"summary_large_image","twitter_misc":{"Gesch\u00e4tzte Lesezeit":"2\u00a0Minuten"},"schema":{"@context":"https:\/\/schema.org","@graph":[{"@type":"WebPage","@id":"https:\/\/dacosta-handwerker.de\/","url":"https:\/\/dacosta-handwerker.de\/","name":"Leistungen - Handwerker Da Costa","isPartOf":{"@id":"https:\/\/dacosta-handwerker.de\/#website"},"datePublished":"2022-07-31T12:29:48+00:00","dateModified":"2026-04-19T15:43:06+00:00","breadcrumb":{"@id":"https:\/\/dacosta-handwerker.de\/#breadcrumb"},"inLanguage":"de","potentialAction":[{"@type":"ReadAction","target":["https:\/\/dacosta-handwerker.de\/"]}]},{"@type":"BreadcrumbList","@id":"https:\/\/dacosta-handwerker.de\/#breadcrumb","itemListElement":[{"@type":"ListItem","position":1,"name":"Startseite","item":"https:\/\/dacosta-handwerker.de\/"},{"@type":"ListItem","position":2,"name":"Leistungen"}]},{"@type":"WebSite","@id":"https:\/\/dacosta-handwerker.de\/#website","url":"https:\/\/dacosta-handwerker.de\/","name":"Handwerker Da Costa","description":"Der freundliche Handwerker","potentialAction":[{"@type":"SearchAction","target":{"@type":"EntryPoint","urlTemplate":"https:\/\/dacosta-handwerker.de\/?s={search_term_string}"},"query-input":{"@type":"PropertyValueSpecification","valueRequired":true,"valueName":"search_term_string"}}],"inLanguage":"de"}]}},"_links":{"self":[{"href":"https:\/\/dacosta-handwerker.de\/index.php?rest_route=\/wp\/v2\/pages\/2","targetHints":{"allow":["GET"]}}],"collection":[{"href":"https:\/\/dacosta-handwerker.de\/index.php?rest_route=\/wp\/v2\/pages"}],"about":[{"href":"https:\/\/dacosta-handwerker.de\/index.php?rest_route=\/wp\/v2\/types\/page"}],"author":[{"embeddable":true,"href":"https:\/\/dacosta-handwerker.de\/index.php?rest_route=\/wp\/v2\/users\/1"}],"replies":[{"embeddable":true,"href":"https:\/\/dacosta-handwerker.de\/index.php?rest_route=%2Fwp%2Fv2%2Fcomments&post=2"}],"version-history":[{"count":29,"href":"https:\/\/dacosta-handwerker.de\/index.php?rest_route=\/wp\/v2\/pages\/2\/revisions"}],"predecessor-version":[{"id":335,"href":"https:\/\/dacosta-handwerker.de\/index.php?rest_route=\/wp\/v2\/pages\/2\/revisions\/335"}],"wp:attachment":[{"href":"https:\/\/dacosta-handwerker.de\/index.php?rest_route=%2Fwp%2Fv2%2Fmedia&parent=2"}],"curies":[{"name":"wp","href":"https:\/\/api.w.org\/{rel}","templated":true}]}}