{"id":20,"date":"2022-08-07T21:00:20","date_gmt":"2022-08-07T19:00:20","guid":{"rendered":"http:\/\/dacosta-handwerker.de\/?page_id=20"},"modified":"2022-09-16T18:39:03","modified_gmt":"2022-09-16T16:39:03","slug":"planung","status":"publish","type":"page","link":"https:\/\/dacosta-handwerker.de\/?page_id=20","title":{"rendered":"Planung"},"content":{"rendered":"<p><span style=\"color:#0076BD;font-weight:400;font-family: 'Rubik', sans-serif; font-size:30px;\">Planung<\/span><br \/>\nF\u00fcr eine fachgerechte Umsetzung Ihres Sanierungs-, Renovierungs- oder Bauvorhabens sind qualifizierte und vertrauensvolle Handwerker unerl\u00e4sslich. In uns finden Sie speziell zum Thema energieeffizientes Bauen und Sanieren einen geschulten Fachbetrieb.<\/p>\n<p>Wir erstellen die Planung, koordinieren gegebenenfalls die verschiedenen Gewerke und \u00fcberpr\u00fcft die Sanierungsma\u00dfnahmen auf eine frist- und fachgerechte Umsetzung<\/p>\n<p>Bei uns werden nur Materialien der h\u00f6chsten Qualit\u00e4t verwendet!<\/p>\n<p>St\u00e4ndige Weiterbildung und Qualifizierung durch Erlangen von Zertifikaten sind Garant f\u00fcr die fachgerechte- , effiziente- und schnelle Umsetzung Ihrer Ma\u00dfnahme zu Ihrer vollsten Zufriedenheit<\/p>\n<p>Nehmen Sie noch heute mit uns Kontakt auf, wir Beraten Sie fachlich, kompetent und unverbindlich!<\/p>\n","protected":false},"excerpt":{"rendered":"<p>Planung F\u00fcr eine fachgerechte Umsetzung Ihres Sanierungs-, Renovierungs- oder Bauvorhabens sind qualifizierte und vertrauensvolle Handwerker unerl\u00e4sslich. In uns finden Sie speziell zum Thema energieeffizientes Bauen und Sanieren einen geschulten Fachbetrieb. Wir erstellen die Planung, koordinieren gegebenenfalls die verschiedenen Gewerke und \u00fcberpr\u00fcft die Sanierungsma\u00dfnahmen auf eine frist- und fachgerechte Umsetzung Bei uns werden nur Materialien der &hellip; <a href=\"https:\/\/dacosta-handwerker.de\/?page_id=20\" class=\"more-link\"><span class=\"screen-reader-text\">Planung<\/span> weiterlesen <span class=\"meta-nav\">&rarr;<\/span><\/a><\/p>\n","protected":false},"author":1,"featured_media":0,"parent":0,"menu_order":40,"comment_status":"closed","ping_status":"closed","template":"","meta":{"ngg_post_thumbnail":0,"footnotes":""},"class_list":["post-20","page","type-page","status-publish","hentry"],"yoast_head":"<!-- This site is optimized with the Yoast SEO plugin v27.4 - https:\/\/yoast.com\/product\/yoast-seo-wordpress\/ -->\n<title>Planung - Handwerker Da Costa<\/title>\n<meta name=\"robots\" content=\"index, follow, max-snippet:-1, max-image-preview:large, max-video-preview:-1\" \/>\n<link rel=\"canonical\" href=\"https:\/\/dacosta-handwerker.de\/?page_id=20\" \/>\n<meta property=\"og:locale\" content=\"de_DE\" \/>\n<meta property=\"og:type\" content=\"article\" \/>\n<meta property=\"og:title\" content=\"Planung - Handwerker Da Costa\" \/>\n<meta property=\"og:description\" content=\"Planung F\u00fcr eine fachgerechte Umsetzung Ihres Sanierungs-, Renovierungs- oder Bauvorhabens sind qualifizierte und vertrauensvolle Handwerker unerl\u00e4sslich. In uns finden Sie speziell zum Thema energieeffizientes Bauen und Sanieren einen geschulten Fachbetrieb. Wir erstellen die Planung, koordinieren gegebenenfalls die verschiedenen Gewerke und \u00fcberpr\u00fcft die Sanierungsma\u00dfnahmen auf eine frist- und fachgerechte Umsetzung Bei uns werden nur Materialien der &hellip; Planung weiterlesen &rarr;\" \/>\n<meta property=\"og:url\" content=\"https:\/\/dacosta-handwerker.de\/?page_id=20\" \/>\n<meta property=\"og:site_name\" content=\"Handwerker Da Costa\" \/>\n<meta property=\"article:modified_time\" content=\"2022-09-16T16:39:03+00:00\" \/>\n<meta name=\"twitter:card\" content=\"summary_large_image\" \/>\n<meta name=\"twitter:label1\" content=\"Gesch\u00e4tzte Lesezeit\" \/>\n\t<meta name=\"twitter:data1\" content=\"1\u00a0Minute\" \/>\n<script type=\"application\/ld+json\" class=\"yoast-schema-graph\">{\"@context\":\"https:\\\/\\\/schema.org\",\"@graph\":[{\"@type\":\"WebPage\",\"@id\":\"https:\\\/\\\/dacosta-handwerker.de\\\/?page_id=20\",\"url\":\"https:\\\/\\\/dacosta-handwerker.de\\\/?page_id=20\",\"name\":\"Planung - Handwerker Da Costa\",\"isPartOf\":{\"@id\":\"https:\\\/\\\/dacosta-handwerker.de\\\/#website\"},\"datePublished\":\"2022-08-07T19:00:20+00:00\",\"dateModified\":\"2022-09-16T16:39:03+00:00\",\"breadcrumb\":{\"@id\":\"https:\\\/\\\/dacosta-handwerker.de\\\/?page_id=20#breadcrumb\"},\"inLanguage\":\"de\",\"potentialAction\":[{\"@type\":\"ReadAction\",\"target\":[\"https:\\\/\\\/dacosta-handwerker.de\\\/?page_id=20\"]}]},{\"@type\":\"BreadcrumbList\",\"@id\":\"https:\\\/\\\/dacosta-handwerker.de\\\/?page_id=20#breadcrumb\",\"itemListElement\":[{\"@type\":\"ListItem\",\"position\":1,\"name\":\"Startseite\",\"item\":\"https:\\\/\\\/dacosta-handwerker.de\\\/\"},{\"@type\":\"ListItem\",\"position\":2,\"name\":\"Planung\"}]},{\"@type\":\"WebSite\",\"@id\":\"https:\\\/\\\/dacosta-handwerker.de\\\/#website\",\"url\":\"https:\\\/\\\/dacosta-handwerker.de\\\/\",\"name\":\"Handwerker Da Costa\",\"description\":\"Der freundliche Handwerker\",\"potentialAction\":[{\"@type\":\"SearchAction\",\"target\":{\"@type\":\"EntryPoint\",\"urlTemplate\":\"https:\\\/\\\/dacosta-handwerker.de\\\/?s={search_term_string}\"},\"query-input\":{\"@type\":\"PropertyValueSpecification\",\"valueRequired\":true,\"valueName\":\"search_term_string\"}}],\"inLanguage\":\"de\"}]}<\/script>\n<!-- \/ Yoast SEO plugin. -->","yoast_head_json":{"title":"Planung - Handwerker Da Costa","robots":{"index":"index","follow":"follow","max-snippet":"max-snippet:-1","max-image-preview":"max-image-preview:large","max-video-preview":"max-video-preview:-1"},"canonical":"https:\/\/dacosta-handwerker.de\/?page_id=20","og_locale":"de_DE","og_type":"article","og_title":"Planung - Handwerker Da Costa","og_description":"Planung F\u00fcr eine fachgerechte Umsetzung Ihres Sanierungs-, Renovierungs- oder Bauvorhabens sind qualifizierte und vertrauensvolle Handwerker unerl\u00e4sslich. In uns finden Sie speziell zum Thema energieeffizientes Bauen und Sanieren einen geschulten Fachbetrieb. Wir erstellen die Planung, koordinieren gegebenenfalls die verschiedenen Gewerke und \u00fcberpr\u00fcft die Sanierungsma\u00dfnahmen auf eine frist- und fachgerechte Umsetzung Bei uns werden nur Materialien der &hellip; Planung weiterlesen &rarr;","og_url":"https:\/\/dacosta-handwerker.de\/?page_id=20","og_site_name":"Handwerker Da Costa","article_modified_time":"2022-09-16T16:39:03+00:00","twitter_card":"summary_large_image","twitter_misc":{"Gesch\u00e4tzte Lesezeit":"1\u00a0Minute"},"schema":{"@context":"https:\/\/schema.org","@graph":[{"@type":"WebPage","@id":"https:\/\/dacosta-handwerker.de\/?page_id=20","url":"https:\/\/dacosta-handwerker.de\/?page_id=20","name":"Planung - Handwerker Da Costa","isPartOf":{"@id":"https:\/\/dacosta-handwerker.de\/#website"},"datePublished":"2022-08-07T19:00:20+00:00","dateModified":"2022-09-16T16:39:03+00:00","breadcrumb":{"@id":"https:\/\/dacosta-handwerker.de\/?page_id=20#breadcrumb"},"inLanguage":"de","potentialAction":[{"@type":"ReadAction","target":["https:\/\/dacosta-handwerker.de\/?page_id=20"]}]},{"@type":"BreadcrumbList","@id":"https:\/\/dacosta-handwerker.de\/?page_id=20#breadcrumb","itemListElement":[{"@type":"ListItem","position":1,"name":"Startseite","item":"https:\/\/dacosta-handwerker.de\/"},{"@type":"ListItem","position":2,"name":"Planung"}]},{"@type":"WebSite","@id":"https:\/\/dacosta-handwerker.de\/#website","url":"https:\/\/dacosta-handwerker.de\/","name":"Handwerker Da Costa","description":"Der freundliche Handwerker","potentialAction":[{"@type":"SearchAction","target":{"@type":"EntryPoint","urlTemplate":"https:\/\/dacosta-handwerker.de\/?s={search_term_string}"},"query-input":{"@type":"PropertyValueSpecification","valueRequired":true,"valueName":"search_term_string"}}],"inLanguage":"de"}]}},"_links":{"self":[{"href":"https:\/\/dacosta-handwerker.de\/index.php?rest_route=\/wp\/v2\/pages\/20","targetHints":{"allow":["GET"]}}],"collection":[{"href":"https:\/\/dacosta-handwerker.de\/index.php?rest_route=\/wp\/v2\/pages"}],"about":[{"href":"https:\/\/dacosta-handwerker.de\/index.php?rest_route=\/wp\/v2\/types\/page"}],"author":[{"embeddable":true,"href":"https:\/\/dacosta-handwerker.de\/index.php?rest_route=\/wp\/v2\/users\/1"}],"replies":[{"embeddable":true,"href":"https:\/\/dacosta-handwerker.de\/index.php?rest_route=%2Fwp%2Fv2%2Fcomments&post=20"}],"version-history":[{"count":4,"href":"https:\/\/dacosta-handwerker.de\/index.php?rest_route=\/wp\/v2\/pages\/20\/revisions"}],"predecessor-version":[{"id":175,"href":"https:\/\/dacosta-handwerker.de\/index.php?rest_route=\/wp\/v2\/pages\/20\/revisions\/175"}],"wp:attachment":[{"href":"https:\/\/dacosta-handwerker.de\/index.php?rest_route=%2Fwp%2Fv2%2Fmedia&parent=20"}],"curies":[{"name":"wp","href":"https:\/\/api.w.org\/{rel}","templated":true}]}}